{"id":3127,"date":"2022-12-15T11:38:07","date_gmt":"2022-12-15T11:38:07","guid":{"rendered":"https:\/\/diversimar.cesga.es\/?page_id=3127"},"modified":"2026-02-20T08:07:37","modified_gmt":"2026-02-20T08:07:37","slug":"elementor-3127","status":"publish","type":"page","link":"https:\/\/diversimar.cesga.es\/index.php\/elementor-3127\/","title":{"rendered":"app"},"content":{"rendered":"\t\t<div data-elementor-type=\"wp-page\" data-elementor-id=\"3127\" class=\"elementor elementor-3127\" data-elementor-settings=\"[]\">\n\t\t\t\t\t\t<div class=\"elementor-inner\">\n\t\t\t\t\t\t\t<div class=\"elementor-section-wrap\">\n\t\t\t\t\t\t\t<section class=\"elementor-section elementor-top-section elementor-element elementor-element-832b228 elementor-section-boxed elementor-section-height-default elementor-section-height-default\" data-id=\"832b228\" data-element_type=\"section\">\n\t\t\t\t\t\t<div class=\"elementor-container elementor-column-gap-default\">\n\t\t\t\t\t\t\t<div class=\"elementor-row\">\n\t\t\t\t\t<div class=\"elementor-column elementor-col-33 elementor-top-column elementor-element elementor-element-2ee114c\" data-id=\"2ee114c\" data-element_type=\"column\" data-settings=\"{&quot;background_background&quot;:&quot;classic&quot;}\">\n\t\t\t<div class=\"elementor-column-wrap elementor-element-populated\">\n\t\t\t\t\t\t\t<div class=\"elementor-widget-wrap\">\n\t\t\t\t\t\t<div class=\"elementor-element elementor-element-cc0ea0c elementor-widget elementor-widget-image\" data-id=\"cc0ea0c\" data-element_type=\"widget\" data-widget_type=\"image.default\">\n\t\t\t\t<div class=\"elementor-widget-container\">\n\t\t\t\t\t\t\t\t<div class=\"elementor-image\">\n\t\t\t\t\t\t\t\t\t\t\t\t<img width=\"258\" height=\"300\" src=\"https:\/\/diversimar.cesga.es\/wp-content\/uploads\/2022\/12\/observacion1.jpg\" class=\"attachment-medium size-medium\" alt=\"\" loading=\"lazy\" \/>\t\t\t\t\t\t\t\t\t\t\t\t\t\t<\/div>\n\t\t\t\t\t\t<\/div>\n\t\t\t\t<\/div>\n\t\t\t\t<div class=\"elementor-element elementor-element-fd87623 elementor-widget elementor-widget-image\" data-id=\"fd87623\" data-element_type=\"widget\" data-widget_type=\"image.default\">\n\t\t\t\t<div class=\"elementor-widget-container\">\n\t\t\t\t\t\t\t\t<div class=\"elementor-image\">\n\t\t\t\t\t\t\t\t\t\t\t\t<img width=\"40\" height=\"40\" src=\"https:\/\/diversimar.cesga.es\/wp-content\/uploads\/2021\/04\/help.png\" class=\"attachment-large size-large\" alt=\"\" loading=\"lazy\" \/>\t\t\t\t\t\t\t\t\t\t\t\t\t\t<\/div>\n\t\t\t\t\t\t<\/div>\n\t\t\t\t<\/div>\n\t\t\t\t<div class=\"elementor-element elementor-element-404290e elementor-widget elementor-widget-heading\" data-id=\"404290e\" data-element_type=\"widget\" data-widget_type=\"heading.default\">\n\t\t\t\t<div class=\"elementor-widget-container\">\n\t\t\t<h2 class=\"elementor-heading-title elementor-size-large\">\u00bfQu\u00e9 es?<\/h2>\t\t<\/div>\n\t\t\t\t<\/div>\n\t\t\t\t<div class=\"elementor-element elementor-element-9da0584 elementor-widget elementor-widget-text-editor\" data-id=\"9da0584\" data-element_type=\"widget\" data-widget_type=\"text-editor.default\">\n\t\t\t\t<div class=\"elementor-widget-container\">\n\t\t\t\t\t\t\t\t<div class=\"elementor-text-editor elementor-clearfix\">\n\t\t\t\t<p>Aplicaci\u00f3n m\u00f3vil gratuita de ciencia ciudadana que nos permite registrar y visualiza datos sobre la biodiversidad marina y pesquera.<\/p><p>Si tienes relaci\u00f3n con el medio marino, t\u00fa tambi\u00e9n puedes colaborar con DIVERSIMAR. Hacerlo es muy f\u00e1cil, s\u00f3lo tienes que enviarnos tu foto a trav\u00e9s de nuestra APP y facilitarnos algunos datos como la fecha en la que lo viste o capturaste,\u00a0 la posici\u00f3n geogr\u00e1fica,\u00a0 y cualquier otra cosa que te parezca relevante.\u00a0<\/p>\t\t\t\t\t<\/div>\n\t\t\t\t\t\t<\/div>\n\t\t\t\t<\/div>\n\t\t\t\t\t\t<\/div>\n\t\t\t\t\t<\/div>\n\t\t<\/div>\n\t\t\t\t<div class=\"elementor-column elementor-col-33 elementor-top-column elementor-element elementor-element-8a930ea\" data-id=\"8a930ea\" data-element_type=\"column\" data-settings=\"{&quot;background_background&quot;:&quot;classic&quot;}\">\n\t\t\t<div class=\"elementor-column-wrap elementor-element-populated\">\n\t\t\t\t\t\t\t<div class=\"elementor-widget-wrap\">\n\t\t\t\t\t\t<div class=\"elementor-element elementor-element-a971f57 elementor-widget elementor-widget-image\" data-id=\"a971f57\" data-element_type=\"widget\" data-widget_type=\"image.default\">\n\t\t\t\t<div class=\"elementor-widget-container\">\n\t\t\t\t\t\t\t\t<div class=\"elementor-image\">\n\t\t\t\t\t\t\t\t\t\t\t\t<img width=\"154\" height=\"300\" src=\"https:\/\/diversimar.cesga.es\/wp-content\/uploads\/2022\/12\/app.jpg\" class=\"attachment-medium size-medium\" alt=\"\" loading=\"lazy\" \/>\t\t\t\t\t\t\t\t\t\t\t\t\t\t<\/div>\n\t\t\t\t\t\t<\/div>\n\t\t\t\t<\/div>\n\t\t\t\t<div class=\"elementor-element elementor-element-2073560 elementor-widget elementor-widget-image\" data-id=\"2073560\" data-element_type=\"widget\" data-widget_type=\"image.default\">\n\t\t\t\t<div class=\"elementor-widget-container\">\n\t\t\t\t\t\t\t\t<div class=\"elementor-image\">\n\t\t\t\t\t\t\t\t\t\t\t\t<img width=\"40\" height=\"40\" src=\"https:\/\/diversimar.cesga.es\/wp-content\/uploads\/2021\/04\/tool.png\" class=\"attachment-large size-large\" alt=\"\" loading=\"lazy\" \/>\t\t\t\t\t\t\t\t\t\t\t\t\t\t<\/div>\n\t\t\t\t\t\t<\/div>\n\t\t\t\t<\/div>\n\t\t\t\t<div class=\"elementor-element elementor-element-5ad125a elementor-widget elementor-widget-heading\" data-id=\"5ad125a\" data-element_type=\"widget\" data-widget_type=\"heading.default\">\n\t\t\t\t<div class=\"elementor-widget-container\">\n\t\t\t<h2 class=\"elementor-heading-title elementor-size-large\">\u00bfC\u00f3mo funciona?<\/h2>\t\t<\/div>\n\t\t\t\t<\/div>\n\t\t\t\t<div class=\"elementor-element elementor-element-9c2a6dc elementor-widget elementor-widget-text-editor\" data-id=\"9c2a6dc\" data-element_type=\"widget\" data-widget_type=\"text-editor.default\">\n\t\t\t\t<div class=\"elementor-widget-container\">\n\t\t\t\t\t\t\t\t<div class=\"elementor-text-editor elementor-clearfix\">\n\t\t\t\t<p>La APP forma parte de las llamadas aplicaciones web progresivas (PWA), son un tipo de software de aplicaci\u00f3n que se entrega a trav\u00e9s de la web, creadas utilizando tecnolog\u00edas web comunes como HTML, CSS y JavaScript. Destinadas a funcionar en cualquier plataforma que use un navegador compatible con los est\u00e1ndares.<\/p>\t\t\t\t\t<\/div>\n\t\t\t\t\t\t<\/div>\n\t\t\t\t<\/div>\n\t\t\t\t<div class=\"elementor-element elementor-element-3892cbf elementor-widget elementor-widget-html\" data-id=\"3892cbf\" data-element_type=\"widget\" data-widget_type=\"html.default\">\n\t\t\t\t<div class=\"elementor-widget-container\">\n\t\t\t<i class=\"fab fa-readme\"><\/i>&nbsp; Gu\u00eda de uso | proximamente<\/span><\/a>\t\t<\/div>\n\t\t\t\t<\/div>\n\t\t\t\t\t\t<\/div>\n\t\t\t\t\t<\/div>\n\t\t<\/div>\n\t\t\t\t<div class=\"elementor-column elementor-col-33 elementor-top-column elementor-element elementor-element-aa65b61\" data-id=\"aa65b61\" data-element_type=\"column\" data-settings=\"{&quot;background_background&quot;:&quot;classic&quot;}\">\n\t\t\t<div class=\"elementor-column-wrap elementor-element-populated\">\n\t\t\t\t\t\t\t<div class=\"elementor-widget-wrap\">\n\t\t\t\t\t\t<div class=\"elementor-element elementor-element-ff39ccd elementor-widget elementor-widget-image\" data-id=\"ff39ccd\" data-element_type=\"widget\" data-widget_type=\"image.default\">\n\t\t\t\t<div class=\"elementor-widget-container\">\n\t\t\t\t\t\t\t\t<div class=\"elementor-image\">\n\t\t\t\t\t\t\t\t\t\t\t\t<img width=\"400\" height=\"400\" src=\"https:\/\/diversimar.cesga.es\/wp-content\/uploads\/2021\/11\/mantenimiento.png\" class=\"attachment-large size-large\" alt=\"\" loading=\"lazy\" \/>\t\t\t\t\t\t\t\t\t\t\t\t\t\t<\/div>\n\t\t\t\t\t\t<\/div>\n\t\t\t\t<\/div>\n\t\t\t\t<div class=\"elementor-element elementor-element-41c8862 elementor-widget elementor-widget-image\" data-id=\"41c8862\" data-element_type=\"widget\" data-widget_type=\"image.default\">\n\t\t\t\t<div class=\"elementor-widget-container\">\n\t\t\t\t\t\t\t\t<div class=\"elementor-image\">\n\t\t\t\t\t\t\t\t\t\t\t\t<img width=\"40\" height=\"40\" src=\"https:\/\/diversimar.cesga.es\/wp-content\/uploads\/2021\/04\/proy.png\" class=\"attachment-large size-large\" alt=\"\" loading=\"lazy\" \/>\t\t\t\t\t\t\t\t\t\t\t\t\t\t<\/div>\n\t\t\t\t\t\t<\/div>\n\t\t\t\t<\/div>\n\t\t\t\t<div class=\"elementor-element elementor-element-525c4dd elementor-widget elementor-widget-heading\" data-id=\"525c4dd\" data-element_type=\"widget\" data-widget_type=\"heading.default\">\n\t\t\t\t<div class=\"elementor-widget-container\">\n\t\t\t<h2 class=\"elementor-heading-title elementor-size-large\"><a href=\"https:\/\/diversimar.cesga.es\/app\">Acceso APP<\/a><\/h2>\t\t<\/div>\n\t\t\t\t<\/div>\n\t\t\t\t<div class=\"elementor-element elementor-element-f9d7e97 elementor-widget elementor-widget-text-editor\" data-id=\"f9d7e97\" data-element_type=\"widget\" data-widget_type=\"text-editor.default\">\n\t\t\t\t<div class=\"elementor-widget-container\">\n\t\t\t\t\t\t\t\t<div class=\"elementor-text-editor elementor-clearfix\">\n\t\t\t\t<p>Puedes visualizarla desde el cliente web, o si lo prefieres puedes instalarla en tu dispositivo m\u00f3vil.<\/p>\t\t\t\t\t<\/div>\n\t\t\t\t\t\t<\/div>\n\t\t\t\t<\/div>\n\t\t\t\t\t\t<\/div>\n\t\t\t\t\t<\/div>\n\t\t<\/div>\n\t\t\t\t\t\t\t\t<\/div>\n\t\t\t\t\t<\/div>\n\t\t<\/section>\n\t\t\t\t\t\t<\/div>\n\t\t\t\t\t\t<\/div>\n\t\t\t\t\t<\/div>\n\t\t","protected":false},"excerpt":{"rendered":"<p>\u00bfQu\u00e9 es? Aplicaci\u00f3n m\u00f3vil gratuita de ciencia ciudadana que nos permite registrar y visualiza datos sobre la biodiversidad marina y pesquera. Si tienes relaci\u00f3n con el medio marino, t\u00fa tambi\u00e9n puedes colaborar con DIVERSIMAR. Hacerlo es muy f\u00e1cil, s\u00f3lo tienes que enviarnos tu foto a trav\u00e9s de nuestra APP y facilitarnos algunos datos como la [&hellip;]<\/p>\n","protected":false},"author":1,"featured_media":0,"parent":0,"menu_order":0,"comment_status":"closed","ping_status":"closed","template":"","meta":[],"_links":{"self":[{"href":"https:\/\/diversimar.cesga.es\/index.php\/wp-json\/wp\/v2\/pages\/3127"}],"collection":[{"href":"https:\/\/diversimar.cesga.es\/index.php\/wp-json\/wp\/v2\/pages"}],"about":[{"href":"https:\/\/diversimar.cesga.es\/index.php\/wp-json\/wp\/v2\/types\/page"}],"author":[{"embeddable":true,"href":"https:\/\/diversimar.cesga.es\/index.php\/wp-json\/wp\/v2\/users\/1"}],"replies":[{"embeddable":true,"href":"https:\/\/diversimar.cesga.es\/index.php\/wp-json\/wp\/v2\/comments?post=3127"}],"version-history":[{"count":9,"href":"https:\/\/diversimar.cesga.es\/index.php\/wp-json\/wp\/v2\/pages\/3127\/revisions"}],"predecessor-version":[{"id":3159,"href":"https:\/\/diversimar.cesga.es\/index.php\/wp-json\/wp\/v2\/pages\/3127\/revisions\/3159"}],"wp:attachment":[{"href":"https:\/\/diversimar.cesga.es\/index.php\/wp-json\/wp\/v2\/media?parent=3127"}],"curies":[{"name":"wp","href":"https:\/\/api.w.org\/{rel}","templated":true}]}}