{"id":2548,"date":"2021-11-13T19:32:00","date_gmt":"2021-11-13T19:32:00","guid":{"rendered":"https:\/\/diversimar.cesga.es\/?page_id=2548"},"modified":"2021-11-15T12:56:44","modified_gmt":"2021-11-15T12:56:44","slug":"guia-visor","status":"publish","type":"page","link":"https:\/\/diversimar.cesga.es\/index.php\/guia-visor\/","title":{"rendered":"Guia visor"},"content":{"rendered":"\t\t<div data-elementor-type=\"wp-page\" data-elementor-id=\"2548\" class=\"elementor elementor-2548\" data-elementor-settings=\"[]\">\n\t\t\t\t\t\t<div class=\"elementor-inner\">\n\t\t\t\t\t\t\t<div class=\"elementor-section-wrap\">\n\t\t\t\t\t\t\t<section class=\"elementor-section elementor-top-section elementor-element elementor-element-bdc5293 elementor-section-boxed elementor-section-height-default elementor-section-height-default\" data-id=\"bdc5293\" data-element_type=\"section\">\n\t\t\t\t\t\t<div class=\"elementor-container elementor-column-gap-default\">\n\t\t\t\t\t\t\t<div class=\"elementor-row\">\n\t\t\t\t\t<div class=\"elementor-column elementor-col-100 elementor-top-column elementor-element elementor-element-9956f23\" data-id=\"9956f23\" data-element_type=\"column\">\n\t\t\t<div class=\"elementor-column-wrap elementor-element-populated\">\n\t\t\t\t\t\t\t<div class=\"elementor-widget-wrap\">\n\t\t\t\t\t\t<div class=\"elementor-element elementor-element-81b72f4 elementor-widget elementor-widget-html\" data-id=\"81b72f4\" data-element_type=\"widget\" data-widget_type=\"html.default\">\n\t\t\t\t<div class=\"elementor-widget-container\">\n\t\t\t<style>\n@import url('https:\/\/fonts.googleapis.com\/css?family=Exo+2:400,700|Oswald:400,700');\n.title{width:100%; height:30px;}\n.title h2{color: #371e57;font-family: 'Exo 2';font-size:1.4em;font-weight: bold}\n<\/style>\n<div class=\"title\"><h2>VISOR DE MAPAS | Manual de uso<\/h2><\/div>\t\t<\/div>\n\t\t\t\t<\/div>\n\t\t\t\t\t\t<\/div>\n\t\t\t\t\t<\/div>\n\t\t<\/div>\n\t\t\t\t\t\t\t\t<\/div>\n\t\t\t\t\t<\/div>\n\t\t<\/section>\n\t\t\t\t<section class=\"elementor-section elementor-top-section elementor-element elementor-element-349299d elementor-section-boxed elementor-section-height-default elementor-section-height-default\" data-id=\"349299d\" data-element_type=\"section\">\n\t\t\t\t\t\t<div class=\"elementor-container elementor-column-gap-default\">\n\t\t\t\t\t\t\t<div class=\"elementor-row\">\n\t\t\t\t\t<div class=\"elementor-column elementor-col-50 elementor-top-column elementor-element elementor-element-6c44a64\" data-id=\"6c44a64\" data-element_type=\"column\">\n\t\t\t<div class=\"elementor-column-wrap elementor-element-populated\">\n\t\t\t\t\t\t\t<div class=\"elementor-widget-wrap\">\n\t\t\t\t\t\t<div class=\"elementor-element elementor-element-6976e3b elementor-widget elementor-widget-image\" data-id=\"6976e3b\" data-element_type=\"widget\" data-widget_type=\"image.default\">\n\t\t\t\t<div class=\"elementor-widget-container\">\n\t\t\t\t\t\t\t\t<div class=\"elementor-image\">\n\t\t\t\t\t\t\t\t\t\t\t\t<img width=\"600\" height=\"600\" src=\"https:\/\/diversimar.cesga.es\/wp-content\/uploads\/2021\/11\/mapa-1.jpg\" class=\"attachment-large size-large\" alt=\"\" loading=\"lazy\" \/>\t\t\t\t\t\t\t\t\t\t\t\t\t\t<\/div>\n\t\t\t\t\t\t<\/div>\n\t\t\t\t<\/div>\n\t\t\t\t\t\t<\/div>\n\t\t\t\t\t<\/div>\n\t\t<\/div>\n\t\t\t\t<div class=\"elementor-column elementor-col-50 elementor-top-column elementor-element elementor-element-ddb3bd0\" data-id=\"ddb3bd0\" data-element_type=\"column\">\n\t\t\t<div class=\"elementor-column-wrap elementor-element-populated\">\n\t\t\t\t\t\t\t<div class=\"elementor-widget-wrap\">\n\t\t\t\t\t\t<div class=\"elementor-element elementor-element-e1e666a elementor-widget elementor-widget-html\" data-id=\"e1e666a\" data-element_type=\"widget\" data-widget_type=\"html.default\">\n\t\t\t\t<div class=\"elementor-widget-container\">\n\t\t\t<style>\r\n .tuto-container {\r\n    background: #f1f1f1;\r\n    -webkit-border-radius: 3px;\r\n    -moz-border-radius: 3px;\r\n    border-radius: 3px;\r\n    border: 1px solid #ddd;\r\n    float: left;\r\n    font-size: 15.6px;\r\n    width:100%;\r\n    margin-bottom: 13px;\r\n    padding: 8px 15px;\r\n}\r\n.tuto{box-shadow: 5px 10px 18px #888888;\r\n    border-radius: 10 px;\r\n    margin: 0 0 10 px 5 px;}\r\n.tuto-container ul>li a{color:#028A9A;text-decoration:none;font-size:1.2em;}\r\n.tuto-container ul>li a:hover{color:#E08203;}\r\n.tuto-container .masmenos{color:#028A9A;cursor:pointer;}\r\n.tuto-container .masmenos:hover{color:#E08203;}\r\n.tuto-container-left {\r\n    float: left;\r\n    position: absolute;\r\n}\r\n.tuto-container-right {\r\n    float: right;\r\n    font-size: 15px;\r\n    margin-top: 2px;\r\n    font-weight: bold;\r\n    color: #444;\r\n}\r\n.tuto-container ul{\r\n\tfont-size: 14px;\r\n\twidth:90%;\r\n    float: left;\r\n\tlist-style:none;\r\n}\r\n.busq{font-weight:bold;font-style:italic;}\r\n.contHelp{width:100%;display:table;margin-left:auto;margin-right:auto;font-size:1.1em;font-family: 'Exo 2';}\r\n.item{width:90%;margin:0 auto;}\r\n .subitem{width:90%;float:left;height:auto;}\r\n .sub{margin-left:60px;}\r\n .sup{margin-left:20px;}\r\n.subsub{margin-left:75px;}\r\n .bold{font-weight:bold;color:#371e57;}   \r\n    \r\n<\/style>\r\n<div class=\"tuto-container\">\r\n\t<div class=\"tuto-container-left\"><i class=\"fas fa-tachometer-alt\"><\/i> Dificultad<\/div>\r\n\t<div class=\"tuto-container-right\">F\u00e1cil<\/div>\r\n<\/div>\r\n<div class=\"tuto-container\">\r\n\t<div class=\"tuto-container-left\"><i class=\"fa fa-clock\"><\/i> Duraci\u00f3n<\/div>\r\n\t<div class=\"tuto-container-right\">10 minuto(s)<\/div>\r\n<\/div>\r\n<div class=\"tuto-container\">\r\n\t<div class=\"tuto-container-left\"><i class=\"fa fa-building\"><\/i> \u00c1rea<\/div>\r\n\t<div class=\"tuto-container-right\">GIS<\/div>\r\n<\/div>\r\n<div class=\"tuto-container tuto\">\r\n\t<div class=\"tuto-container-left\"><i class=\"fa fa-list-ol\"><\/i> Sumario<\/div>\r\n\t<div class=\"tuto-container-right\"><span class=\"masmenos\" id=\"mas\">[ocultar]<\/span><\/div>\r\n\t<div class=\"totsum\">\r\n\t\t<ul>\r\n\t\t\t<li><a href=\"#introdu\">Introducci\u00f3n<\/a><\/li>\r\n\t\t\t<li><a href=\"#intro\">Visor de Mapas<\/a>\r\n\t\t\t\t<ul class=\"inter1\">\r\n\t\t\t\t\t<li><a href=\"#inter\">Interfaz de usuario<\/a>\r\n\t\t\t\t\t\t<ul class=\"inter2\">\r\n\t\t\t\t\t\t\t<li><a href=\"#barra\">Barra de herramientas<\/a><\/li>\r\n\t\t\t\t\t\t\t<li><a href=\"#zoom\">Herramientas de zoom<\/a><\/li>\r\n\t\t\t\t\t\t\t<li><a href=\"#capas\">Gestor de capas<\/a>\r\n\t\t\t\t\t\t\t\t<ul class=\"inter3\">\r\n\t\t\t\t\t\t\t\t\t<li><a href=\"#tema\">Capas tem\u00e1ticas<\/a><\/li>\r\n\t\t\t\t\t\t\t\t\t<li><a href=\"#obse\">Observaciones<\/a><\/li>\r\n\t\t\t\t\t\t\t\t\t<li><a href=\"#campa\">Campa\u00f1as<\/a><\/li>\r\n\t\t\t\t\t\t\t\t<\/ul>\r\n\t\t\t\t\t\t\t<\/li>\r\n\t\t\t\t\t\t\t<li><a href=\"#campa\">Panel de coordenadas<\/a><\/li>\r\n\t\t\t\t\t\t<\/ul>\r\n\t\t\t\t\t<\/li>\r\n\t\t\t\t<\/ul>\r\n\t\t\t<\/li>\r\n\t\t<\/ul>\r\n\t<\/div>\r\n<\/div>\t\t<\/div>\n\t\t\t\t<\/div>\n\t\t\t\t\t\t<\/div>\n\t\t\t\t\t<\/div>\n\t\t<\/div>\n\t\t\t\t\t\t\t\t<\/div>\n\t\t\t\t\t<\/div>\n\t\t<\/section>\n\t\t\t\t<section class=\"elementor-section elementor-top-section elementor-element elementor-element-044f2ec elementor-section-boxed elementor-section-height-default elementor-section-height-default\" data-id=\"044f2ec\" data-element_type=\"section\">\n\t\t\t\t\t\t<div class=\"elementor-container elementor-column-gap-default\">\n\t\t\t\t\t\t\t<div class=\"elementor-row\">\n\t\t\t\t\t<div class=\"elementor-column elementor-col-100 elementor-top-column elementor-element elementor-element-2e208f9\" data-id=\"2e208f9\" data-element_type=\"column\">\n\t\t\t<div class=\"elementor-column-wrap elementor-element-populated\">\n\t\t\t\t\t\t\t<div class=\"elementor-widget-wrap\">\n\t\t\t\t\t\t<div class=\"elementor-element elementor-element-9246177 elementor-widget elementor-widget-html\" data-id=\"9246177\" data-element_type=\"widget\" data-widget_type=\"html.default\">\n\t\t\t\t<div class=\"elementor-widget-container\">\n\t\t\t<style>\r\n@import url('https:\/\/fonts.googleapis.com\/css?family=Exo+2:400,700|Oswald:400,700');\r\n\r\n.item h2, h3, h4{color: #371e57;font-family: 'Exo 2';cursor:pointer;}\r\n.item h2{font-size:1.4em;padding-left:30px;color: #371e57;font-family: 'Exo 2';}\r\n.item h3{font-size:1.2em;font-weight:bold;}\r\n.item h4{font-size:1em;}\r\n.item{width:90%;margin:0 auto;}\r\n .contHelp{width:100%;display:table;margin-left:auto;margin-right:auto;font-size:1.1em;font-family: 'Exo 2';}\r\n.contHelp .item{width:90%;margin:0 auto;}\r\n.contHelp .subitem{width:90%;float:left;height:auto;}\r\n.contHelp .sub{margin-left:60px;}\r\n.contHelp .sup{margin-left:20px;}\r\n.contHelp .subsub{margin-left:75px;}\r\n.contHelp .bold{font-weight:bold;color:#371e57;}\r\n.contHelp a{color:#028A9A;text-decoration:none;font-size:1.2em;}\r\n.contHelp a:hover{color:#E08203;}\r\n.contHelp .imgDiv{margin:0 auto;background-image:url(https:\/\/diversimar.cesga.es\/wp-content\/uploads\/2021\/11\/interfaz.png);width:1039px;height:716px;background-repeat:no-repeat;margin-bottom:20px;}\r\n.contHelp .imgherra{background-image:url(https:\/\/diversimar.cesga.es\/wp-content\/uploads\/2021\/11\/herra.png);height:32px;width:32px;vertical-align: middle;}\r\n.contHelp .imgbase{background-image:url(https:\/\/diversimar.cesga.es\/wp-content\/uploads\/2021\/11\/capas.png);height:32px;width:32px;vertical-align: middle;}\r\n.contHelp .imgpdf{background-image:url(https:\/\/diversimar.cesga.es\/wp-content\/uploads\/2021\/11\/btnpdf.png);height:32px;width:32px;vertical-align: middle;}\r\n.contHelp .imgzoom{background-image:url(https:\/\/diversimar.cesga.es\/wp-content\/uploads\/2021\/11\/blueworld.png);height:32px;width:32px;vertical-align:middle;}\r\n.contHelp .imgzoomas{background-image:url(https:\/\/diversimar.cesga.es\/wp-content\/uploads\/2021\/11\/zoom.png);height:32px;width:32px;vertical-align:middle;}\r\n.contHelp .imgzoomenos{background-image:url(https:\/\/diversimar.cesga.es\/wp-content\/uploads\/2021\/11\/zoom-.png);height:32px;width:32px;vertical-align:middle;}\r\n.contHelp .imgexit{background-image:url(https:\/\/diversimar.cesga.es\/wp-content\/uploads\/2021\/11\/exit.png);height:32px;width:32px;vertical-align:middle;}\r\n.contHelp .imgslide{background-image:url(https:\/\/diversimar.cesga.es\/wp-content\/uploads\/2021\/11\/slide.png);height:23px;width:139px;vertical-align:middle;}\r\n.contHelp .imgcheck{background-image:url(https:\/\/diversimar.cesga.es\/wp-content\/uploads\/2021\/11\/check.png);height:20px;width:20px;vertical-align:middle;}\r\n.contHelp .imguncheck{background-image:url(https:\/\/diversimar.cesga.es\/wp-content\/uploads\/2021\/11\/uncheck.png);height:20px;width:20px;vertical-align:middle;}\r\n.contHelp .imgbajar{background-image:url(https:\/\/diversimar.cesga.es\/wp-content\/uploads\/2021\/11\/bajar.png);height:78px;width:194px;margin:40px;}\r\n.contHelp .imgfecha{background-image:url(https:\/\/diversimar.cesga.es\/wp-content\/uploads\/2021\/11\/fecha.png);height:200px;width:391px;margin:40px;}\r\n.contHelp .imgeslora{background-image:url(https:\/\/diversimar.cesga.es\/wp-content\/uploads\/2021\/11\/eslora.png);height:200px;width:357px;margin:40px;}\r\n.contHelp .imgespecie{background-image:url(https:\/\/diversimar.cesga.es\/wp-content\/uploads\/2021\/11\/especie.png);height:200px;width:180px;margin:40px;}\r\n.contHelp .imgcoord{background-image:url(https:\/\/diversimar.cesga.es\/wp-content\/uploads\/2021\/11\/coord.png);height:48px;width:194px;}\r\n.contHelp .imgcapabase{vertical-align:middle;background-image:url(https:\/\/diversimar.cesga.es\/wp-content\/uploads\/2021\/11\/base.png);height:100px;width:132px;margin:5px;}\r\n.contHelp .imgtematica{background-image:url(https:\/\/diversimar.cesga.es\/wp-content\/uploads\/2021\/11\/tematicas.png);height:321px;width:215px;margin:10px;}\r\n.contHelp .imgobserva{background-image:url(https:\/\/diversimar.cesga.es\/wp-content\/uploads\/2021\/11\/observaciones.png);height:90px;width:215px;margin:10px;}\r\n.contHelp .imgcampanha{background-image:url(https:\/\/diversimar.cesga.es\/wp-content\/uploads\/2021\/11\/campanha.png);height:130px;width:215px;margin:10px;}\r\n.contHelp .imgdist{background-image:url(https:\/\/diversimar.cesga.es\/wp-content\/uploads\/2021\/11\/abundancia.png);width:200px; height:60px;}\r\n.contHelp .imginfo{background-image:url(https:\/\/diversimar.cesga.es\/wp-content\/uploads\/2021\/11\/info.png);width:400px; height:339px;margin-left:200px;}\r\n.tableImg{display:table;width:100%;text-align:center;}\r\n.filaImg{display:table-row;}\r\n.colImg{display:table-cell;width:20%;float:left;}\r\n.fichaDes{font-size:0.9em;}\r\n.txtFicha{background:orange;border-radius:100px;padding:4px;color:2f3b47;font-weight:bold;}\r\n.cirE{width:1rem;height:1rem;border-radius:50%;background:#2f3b47;justify-content: center;align-items: center;display:flex;text-align:center;margin:0px auto;padding:10px;float:left;color:#fff;font-weight:bold;font-size:1.4rem;}\r\n.cirO{width:1rem;height:1rem;border-radius:50%;background:orange;justify-content: center;align-items: center;display:flex;text-align:center;margin:0px auto;padding:10px;float:left;color:#2f3b47;font-weight:bold;font-size:1.4rem;}\r\n.po{display:inline-flex;margin-top:6px;}.pa{margin-top:6px;}\r\n.responsive{width:100%; height: auto;}\r\n@media only screen and (max-width: 480px){\r\n.contHelp .sub{margin-left:0px;}\r\n.contHelp .sup{margin-left:0px;}\r\n.contHelp .imginfo{margin-left:0px;}\r\n.po{display: initial;}\r\n}\r\n<\/style>\r\n<div class=\"contHelp\">\r\n\t<div class=\"item\">\r\n\t\t<h3 id=\"introdu\"><i class=\"fas fa-book-open\"><\/i> Introducci\u00f3n<\/h3>\r\n\t\t<p>DIVERSIMAR es una Herramienta para obtener informaci\u00f3n y hacer seguimiento de la biodiversidad marina y pesquera de Galicia y Cant\u00e1brico.<\/p>\r\n\t\t<p>La herramienta web integrar\u00e1 informaci\u00f3n ya existente sobre la distribuci\u00f3n, biolog\u00eda y ecolog\u00eda de distintas especies marinas, as\u00ed como aquellos reportes que nos lleguen mediante la colaboraci\u00f3n ciudadana, que es una de las fuentes m\u00e1s valiosas de las que disponemos.<\/p>\r\n\t<\/div>\r\n\t<div class=\"item\">\r\n\t\t<h3 id=\"intro\"><i class=\"fas fa-atlas\"><\/i> Visor de Mapas<\/h3>\r\n\t\t\t\t\t<p>El Visor de Mapas de DIVERSIMAR, es una aplicaci\u00f3n web pensada para la visualizaci\u00f3n y consulta de informaci\u00f3n geogr\u00e1fica.<\/p>\r\n\t\t\t\t\t<p>Por defecto, cuando se inicia la aplicaci\u00f3n, se carga la capa base OSM (Open Street Map), el usuario podr\u00e1 alternar esta capa base, si as\u00ed lo desea, por una capa Batim\u00e9trica desde el panel Capas Base.<\/p><p>Adem\u00e1s se cargar\u00e1 la capa que contiene las distintas observaciones realizadas por los usuarios. Esta capa est\u00e1 organizada en un sistema de Cluster donde los puntos se representan agrupados por cercan\u00eda.<\/p>\r\n\t\t\t\t\t<p>Las principales funcionalidades que ofrece el Visor de mapas son:<\/p>\r\n\t\t\t\t\t<div>\r\n\t\t\t\t\t\t<ul>\r\n\t\t\t\t\t\t\t<li>Navegaci\u00f3n por el mapa: acercar, alejar, hacer zoom a toda la extensi\u00f3n, desplazarse por el mapa, visualizar coordenadas etc.<\/li>\r\n\t\t\t\t\t\t\t<li>Activar o desactivar capas.<\/li>\r\n\t\t\t\t\t\t\t<li>Obtener m\u00e1s informaci\u00f3n de un elemento que sea consultable clicando encima.<\/li>\r\n\t\t\t\t\t\t\t<li>Descargar en formato PDF o PNG los resultados obtenidos de una b\u00fasqueda o consulta<\/li>\r\n\t\t\t\t\t\t<\/ul>\r\n\t\t\t\t\t<\/div>\r\n\t\t\t\t<\/div>\r\n\t\t\t\t<div class=\"item\">\r\n\t\t\t\t\t<div class=\"subitem\">\r\n\t\t\t\t\t\t<h3 id=\"inter\"><i class=\"fas fa-cogs\"><\/i>&nbsp;Interfaz de usuario<\/h3>\r\n\t\t\t\t\t\t<p>A continuaci\u00f3n se muestra una vista del Visor, donde se distinguen las zonas principales de la aplicaci\u00f3n.<\/p>\r\n\t\t\t\t\t\t<div><img loading=\"lazy\" src=\"https:\/\/diversimar.cesga.es\/wp-content\/uploads\/2021\/11\/interfaz.png\" width=\"1039\" height=\"716\" class=\"responsive\"><\/div>\r\n\t\t\t\t\t\t<p><span class=\"cirE\">1<\/span>&nbsp;<span class=\"po\">Ventana gr\u00e1fica de visualizaci\u00f3n: \u00c1rea principal de trabajo.<\/span><\/p>\r\n\t\t\t\t\t\t<p><span class=\"cirE\">2<\/span>&nbsp;<span class=\"pa\">Panel de leyenda: Representa las capas contenidas en la vista, permitiendo controlar su estado de visualizaci\u00f3n<\/span><\/p>\r\n\t\t\t\t\t\t<p><span class=\"cirE\">3<\/span>&nbsp;<span class=\"po\">Barra de herramientas: Contiene los comandos de la aplicaci\u00f3n<\/span><\/p>\r\n\t\t\t\t\t\t<p><span class=\"cirE\">4<\/span>&nbsp;<span class=\"po\">Herramienta de zoom: Control deslizande de zoom<\/span><\/p>\r\n\t\t\t\t\t\t<p><span class=\"cirE\">5<\/span>&nbsp;<span class=\"pa\">Panel de coordenadas y barra de escala: Muestra el sistema de referencia espacial, los valores de las coordenadas geogr\u00e1ficas (latitud, longitud) y el nivel de detalle de la visualizaci\u00f3n.<\/span><\/p>\r\n\t\t\t\t\t<\/div>\r\n\t\t\t\t\t<div class=\"subitem sub\">\r\n\t\t\t\t\t\t<h3 id=\"barra\"><i class=\"fas fa-tools\"><\/i>&nbsp;Barra de herramientas<\/h3>\r\n\t\t\t\t\t\t<p>En este apartado se explican todos los botones y funciones de la barra de herramientas del visor:<\/p>\r\n\t\t\t\t\t\t<p class=\"sup\"><img class=\"imgherra\">&nbsp;Herramientas del mapa.<\/p>\r\n\t\t\t\t\t\t<p class=\"sub\"><img class=\"imgpdf\">&nbsp; Herramienta que nos permitir\u00e1 exportar la vista del mapa. Esto nos ser\u00e1 \u00fatil para poder incluir, por ejemplo, im\u00e1genes en un documento o informe. Puede hacer la exportaci\u00f3n en dos formatos: PDF o imagen PNG.<\/p>\r\n\t\t\t\t\t\t<p class=\"sub\"><img class=\"imgzoomenos\">&nbsp;Herramienta que nos permite disminuir el nivel de zoom del mapa.<\/p>\r\n\t\t\t\t\t\t<p class=\"sub\"><img class=\"imgzoomas\">&nbsp;Herramienta que nos permite aumentar el nivel de zoom del mapa.<\/p>\r\n\t\t\t\t\t\t<p class=\"sub\"><img class=\"imgzoom\">&nbsp;Herramienta que nos permite volver a la extensi\u00f3n total del mapa, que es la extensi\u00f3n por defecto de la aplicaci\u00f3n.<\/p>\r\n\t\t\t\t\t\t<p class=\"sup\"><img class=\"imgbase\">&nbsp;Capas base<\/p>\r\n\t\t\t\t\t\t<p class=\"sup\">Podremos alternar entre la capa de OSM (Open Street Map), o una capa Batim\u00e9rica que son las dos capas base que se han definido para el mapa.<\/p>\r\n\t\t\t\t\t\t<p class=\"sub\"><img class=\"imgcapabase\"><\/p>\r\n\t\t\t\t\t<\/div>\r\n\t\t\t\t\t<div class=\"subitem sub\">\r\n\t\t\t\t\t\t<h3 id=\"zoom\"><i class=\"fas fa-search-plus\"><\/i>&nbsp;Herramientas de zoom<\/h3>\r\n\t\t\t\t\t\t<p>Nos permiten un control sobre la visualizaci\u00f3n de la aplicaci\u00f3n.<\/p>\r\n\t\t\t\t\t\t<p>Aparte de las herramintas zoom + y zoom - descritas en el apartado anterior, se ha optado por incluir un sistema deslizante de zoom&nbsp;<img class=\"imgslide\"><br> A si mismo, podemos hacer zoom+ o zoom- utilizando la rueda del rat\u00f3n, y mediante la combinaci\u00f3n SHIFT + bot\u00f3n izqdo podremos dibujar un rect\u00e1ngulo sobre la vista y hara las veces de zoom+. <\/p>\r\n\t\t\t\t\t<\/div>\r\n\t\t\t\t\t<div class=\"subitem sub\">\r\n\t\t\t\t\t\t<h3 id=\"capas\"><i class=\"fas fa-layer-group\"><\/i>&nbsp;Panel de leyenda<\/h3>\r\n\t\t\t\t\t\t<p>El panel de leyenda, contiene las capas del mapa. Las capas se puede cerrar o abrir seg\u00fan convenga. Las capas est\u00e1n organizadas en 3 grupos. Cada grupo de capas ofrece opciones de control de visibilidad <img class=\"imgcheck\">&nbsp;o invisibilidad&nbsp;<img class=\"imguncheck\"><\/p>\r\n\t\t\t\t\t\t<div class=\"filtro\">\r\n\t\t\t\t\t\t\t<p id=\"tema\"><span class=\"bold\"><i class=\"fas fa-map-marked-alt\"><\/i>&nbsp;Capas tem\u00e1ticas<\/span><\/p>\r\n\t\t\t\t\t\t\t<p>Este grupo contiene una ser\u00ede de capas que aportan una informaci\u00f3n general y de tem\u00e1tica relacionada con el proyecto. La capa profundidad nos permite usar una herramienta que bajar\u00e1 o subir\u00e1 la intensidad del color de la misma, y que nos permitir\u00e1 visualizar las capas que se encuentran por debajo.<\/p>\r\n\t\t\t\t\t\t\t<p class=\"sup\"><img class=\"imgtematica\"><\/p>\r\n\t\t\t\t\t\t\t<p id=\"obse\"><span class=\"bold\"><i class=\"far fa-eye\"><\/i>&nbsp;Observaciones<\/span><\/p>\r\n\t\t\t\t\t\t\t<p>Por defecto, est\u00e1 activada la capa Observaciones dentro del grupo Observaciones, pero se puede interactuar con el panel de capas en cualquier momento para mostrar la informaci\u00f3n geogr\u00e1fica en el mapa.<\/p>\r\n\t\t\t\t\t\t\t<p class=\"sup\"><img class=\"imgobserva\"><\/p>\r\n\t\t\t\t\t\t\t<p>Esta es la capa consultable, con lo que, cuando querramos consultar la informaci\u00f3n asociada a una observaci\u00f3n deberemos pinchar sobre la misma en el mapa. Si pinchamos sobre un grupo de observaciones, el sistema har\u00e1 un zoom + sobre el mapa a la vez que se van desagrupando las observaciones, hasta llegar a una escala en la que podremos seleccionar una observaci\u00f3n. Puede darse el caso en que en una misma coordenada concurran un n\u00famero alto de observaciones, en este caso, el sistema llega hasta un nivel de zoom y no sigue desagrupando las observaciones.<\/p>\r\n\t\t\t\t\t\t\t<p><img src =\"https:\/\/diversimar.cesga.es\/wp-content\/uploads\/2021\/11\/info.png\" class=\"responsive\"><\/p>\r\n\t\t\t\t\t\t\t<p id=\"campa\"><span class=\"bold\"><i class=\"fas fa-ship\"><\/i>&nbsp;Campa\u00f1as<\/span><\/p>\r\n\t\t\t\t\t\t\t<p>Por medio de una consulta a la base de datos del proyecto, se cargar\u00e1 dinamicamente en el mapa, una capa que contiene la abundancia para una determina especie. Para ello deberemos seleccionar en el select Especies la especie que queremos consultar, a continuaci\u00f3n el sistema nos mostrar\u00e1 un select en el que deberemos escoger una determinada campa\u00f1a. Adem\u00e1s de poder consultar la abundancia de una especie para una determinada campa\u00f1a, podremos consultar la media para todos los a\u00f1os almacenados en la base de datos.<\/p>\r\n\t\t\t\t\t\t\t<p class=\"sup\"><img class=\"imgcampanha\"><\/p>\r\n\t\t\t\t\t\t\t<p>En el momento en que se realiza una consulta, se despliega una leyenda que sirve de referencia para la informaci\u00f3n resultante de la b\u00fasqueda.<\/p>\r\n\t\t\t\t\t\t\t<p><img class=\"imgdist\"><\/p>\r\n\t\t\t\t\t\t<\/div>\r\n\t\t\t\t\t<\/div>\r\n\t\t\t\t\t<div class=\"subitem sub\">\r\n\t\t\t\t\t\t<h3 id=\"coor\"><i class=\"far fa-compass\"><\/i>&nbsp;Panel de coordenadas<\/h3>\r\n\t\t\t\t\t\t<p>El panel de coordenadas muestra informaci\u00f3n sobre las coordenadas geogr\u00e1ficas de la ubicaci\u00f3n del cursor, as\u00ed como el nivel de resoluci\u00f3n al que se est\u00e1 mostrando la informaci\u00f3n<\/p>\r\n\t\t\t\t\t\t<p><img class=\"imgcoord\"><\/p>\r\n\t\t\t\t\t<\/div>\r\n\t\t\t\t<\/div>\r\n\t\t\t<\/div>\t\t<\/div>\n\t\t\t\t<\/div>\n\t\t\t\t\t\t<\/div>\n\t\t\t\t\t<\/div>\n\t\t<\/div>\n\t\t\t\t\t\t\t\t<\/div>\n\t\t\t\t\t<\/div>\n\t\t<\/section>\n\t\t\t\t\t\t<\/div>\n\t\t\t\t\t\t<\/div>\n\t\t\t\t\t<\/div>\n\t\t","protected":false},"excerpt":{"rendered":"<p>VISOR DE MAPAS | Manual de uso Dificultad F\u00e1cil Duraci\u00f3n 10 minuto(s) \u00c1rea GIS Sumario [ocultar] Introducci\u00f3n Visor de Mapas Interfaz de usuario Barra de herramientas Herramientas de zoom Gestor de capas Capas tem\u00e1ticas Observaciones Campa\u00f1as Panel de coordenadas Introducci\u00f3n DIVERSIMAR es una Herramienta para obtener informaci\u00f3n y hacer seguimiento de la biodiversidad marina y [&hellip;]<\/p>\n","protected":false},"author":1,"featured_media":0,"parent":0,"menu_order":0,"comment_status":"closed","ping_status":"closed","template":"","meta":[],"_links":{"self":[{"href":"https:\/\/diversimar.cesga.es\/index.php\/wp-json\/wp\/v2\/pages\/2548"}],"collection":[{"href":"https:\/\/diversimar.cesga.es\/index.php\/wp-json\/wp\/v2\/pages"}],"about":[{"href":"https:\/\/diversimar.cesga.es\/index.php\/wp-json\/wp\/v2\/types\/page"}],"author":[{"embeddable":true,"href":"https:\/\/diversimar.cesga.es\/index.php\/wp-json\/wp\/v2\/users\/1"}],"replies":[{"embeddable":true,"href":"https:\/\/diversimar.cesga.es\/index.php\/wp-json\/wp\/v2\/comments?post=2548"}],"version-history":[{"count":76,"href":"https:\/\/diversimar.cesga.es\/index.php\/wp-json\/wp\/v2\/pages\/2548\/revisions"}],"predecessor-version":[{"id":2815,"href":"https:\/\/diversimar.cesga.es\/index.php\/wp-json\/wp\/v2\/pages\/2548\/revisions\/2815"}],"wp:attachment":[{"href":"https:\/\/diversimar.cesga.es\/index.php\/wp-json\/wp\/v2\/media?parent=2548"}],"curies":[{"name":"wp","href":"https:\/\/api.w.org\/{rel}","templated":true}]}}