{"id":2385,"date":"2021-11-12T18:57:22","date_gmt":"2021-11-12T18:57:22","guid":{"rendered":"https:\/\/diversimar.cesga.es\/?page_id=2385"},"modified":"2021-11-18T09:33:42","modified_gmt":"2021-11-18T09:33:42","slug":"guia-catalogo","status":"publish","type":"page","link":"https:\/\/diversimar.cesga.es\/index.php\/guia-catalogo\/","title":{"rendered":"Gu\u00eda Cat\u00e1logo"},"content":{"rendered":"\t\t<div data-elementor-type=\"wp-page\" data-elementor-id=\"2385\" class=\"elementor elementor-2385\" data-elementor-settings=\"[]\">\n\t\t\t\t\t\t<div class=\"elementor-inner\">\n\t\t\t\t\t\t\t<div class=\"elementor-section-wrap\">\n\t\t\t\t\t\t\t<section class=\"elementor-section elementor-top-section elementor-element elementor-element-5206fdb elementor-section-boxed elementor-section-height-default elementor-section-height-default\" data-id=\"5206fdb\" data-element_type=\"section\">\n\t\t\t\t\t\t<div class=\"elementor-container elementor-column-gap-default\">\n\t\t\t\t\t\t\t<div class=\"elementor-row\">\n\t\t\t\t\t<div class=\"elementor-column elementor-col-100 elementor-top-column elementor-element elementor-element-ccb7353\" data-id=\"ccb7353\" data-element_type=\"column\">\n\t\t\t<div class=\"elementor-column-wrap elementor-element-populated\">\n\t\t\t\t\t\t\t<div class=\"elementor-widget-wrap\">\n\t\t\t\t\t\t<div class=\"elementor-element elementor-element-5919f38 elementor-widget elementor-widget-html\" data-id=\"5919f38\" data-element_type=\"widget\" data-widget_type=\"html.default\">\n\t\t\t\t<div class=\"elementor-widget-container\">\n\t\t\t<style>\n.title{width:100%; height:30px;}\n.title h2{color: #371e57;font-family: 'Exo 2';font-size:1.4em;font-weight: bold}\n<\/style>\n<div class=\"title\"><h2>CATALOGO DE ESPECIES | Manual de uso<\/h2><\/div>\t\t<\/div>\n\t\t\t\t<\/div>\n\t\t\t\t\t\t<\/div>\n\t\t\t\t\t<\/div>\n\t\t<\/div>\n\t\t\t\t\t\t\t\t<\/div>\n\t\t\t\t\t<\/div>\n\t\t<\/section>\n\t\t\t\t<section class=\"elementor-section elementor-top-section elementor-element elementor-element-c0e53f5 elementor-section-boxed elementor-section-height-default elementor-section-height-default\" data-id=\"c0e53f5\" data-element_type=\"section\">\n\t\t\t\t\t\t<div class=\"elementor-container elementor-column-gap-default\">\n\t\t\t\t\t\t\t<div class=\"elementor-row\">\n\t\t\t\t\t<div class=\"elementor-column elementor-col-100 elementor-top-column elementor-element elementor-element-5a2bb57\" data-id=\"5a2bb57\" data-element_type=\"column\">\n\t\t\t<div class=\"elementor-column-wrap elementor-element-populated\">\n\t\t\t\t\t\t\t<div class=\"elementor-widget-wrap\">\n\t\t\t\t\t\t<section class=\"elementor-section elementor-inner-section elementor-element elementor-element-a254b07 elementor-section-boxed elementor-section-height-default elementor-section-height-default\" data-id=\"a254b07\" data-element_type=\"section\">\n\t\t\t\t\t\t<div class=\"elementor-container elementor-column-gap-default\">\n\t\t\t\t\t\t\t<div class=\"elementor-row\">\n\t\t\t\t\t<div class=\"elementor-column elementor-col-50 elementor-inner-column elementor-element elementor-element-8b769ae\" data-id=\"8b769ae\" data-element_type=\"column\">\n\t\t\t<div class=\"elementor-column-wrap elementor-element-populated\">\n\t\t\t\t\t\t\t<div class=\"elementor-widget-wrap\">\n\t\t\t\t\t\t<div class=\"elementor-element elementor-element-a471869 elementor-widget elementor-widget-image\" data-id=\"a471869\" data-element_type=\"widget\" data-widget_type=\"image.default\">\n\t\t\t\t<div class=\"elementor-widget-container\">\n\t\t\t\t\t\t\t\t<div class=\"elementor-image\">\n\t\t\t\t\t\t\t\t\t\t\t\t<img width=\"1536\" height=\"864\" src=\"https:\/\/diversimar.cesga.es\/wp-content\/uploads\/2020\/08\/DIVERSIMAR_Mmacrophthalma.jpg\" class=\"attachment-1536x1536 size-1536x1536\" alt=\"\" loading=\"lazy\" \/>\t\t\t\t\t\t\t\t\t\t\t\t\t\t<\/div>\n\t\t\t\t\t\t<\/div>\n\t\t\t\t<\/div>\n\t\t\t\t\t\t<\/div>\n\t\t\t\t\t<\/div>\n\t\t<\/div>\n\t\t\t\t<div class=\"elementor-column elementor-col-50 elementor-inner-column elementor-element elementor-element-60beb09\" data-id=\"60beb09\" data-element_type=\"column\">\n\t\t\t<div class=\"elementor-column-wrap elementor-element-populated\">\n\t\t\t\t\t\t\t<div class=\"elementor-widget-wrap\">\n\t\t\t\t\t\t<div class=\"elementor-element elementor-element-0319238 elementor-widget elementor-widget-html\" data-id=\"0319238\" data-element_type=\"widget\" data-widget_type=\"html.default\">\n\t\t\t\t<div class=\"elementor-widget-container\">\n\t\t\t<style>\r\n.tuto-container{background: #f1f1f1;-webkit-border-radius: 3px;-moz-border-radius: 3px;\r\nborder-radius: 3px;border: 1px solid #ddd;float: left;font-size: 15.6px;width: 100%;\r\nmargin-bottom: 13px;padding: 8px 15px;}\r\n.tuto{box-shadow: 5px 10px 18px #888888;border-radius: 10 px; margin: 0 0 10 px 5 px;}\r\n.tuto-container ul>li a{color:#028A9A;text-decoration:none;font-size:1.2em;}\r\n.tuto-container ul>li a:hover{color:#E08203;}\r\n.tuto-container .masmenos{color:#028A9A;cursor:pointer;}\r\n.tuto-container .masmenos:hover{color:#E08203;}\r\n.tuto-container-left {float: left; position: absolute;}\r\n.tuto-container-right{float: right;font-size: 15px;margin-top: 2px;font-weight: bold;\r\ncolor: #444;}\r\n.tuto-container ul{font-size: 14px;\twidth:90%;float: left;list-style:none;}\r\n<\/style>\r\n<div class=\"content\">\r\n    <div class=\"tuto-container\">\r\n\t\t<div class=\"tuto-container-left\"><i class=\"fas fa-tachometer-alt\"><\/i> Dificultad<\/div>\r\n\t\t<div class=\"tuto-container-right\">F\u00e1cil<\/div>\r\n\t<\/div>\r\n\t<div class=\"tuto-container\">\r\n\t\t<div class=\"tuto-container-left\"><i class=\"fa fa-clock\"><\/i> Duraci\u00f3n<\/div>\r\n\t\t<div class=\"tuto-container-right\">10 minuto(s)<\/div>\r\n\t<\/div>\r\n\t<div class=\"tuto-container\">\r\n\t\t<div class=\"tuto-container-left\"><i class=\"fa fa-building\"><\/i> \u00c1rea<\/div>\r\n\t\t<div class=\"tuto-container-right\">GIS<\/div>\r\n\t<\/div>\r\n\t<div class=\"tuto-container tuto\">\r\n\t\t<div class=\"tuto-container-left\">Sumario<\/div>\r\n\t\t<div class=\"tuto-container-right\"><i class=\"fa fa-list-ol\"><\/i><\/div>\r\n\t\t<div class=\"totsum\">\r\n\t\t\t<ul>\r\n\t\t\t\t<li><a href=\"#catalogo\">Cat\u00e1logo de Especies<\/a>\r\n\t\t\t\t\t<ul class=\"inter4\">\r\n\t\t\t\t\t\t<li><a href=\"#intercat\">Interfaz de usuario<\/a>\r\n\t\t\t\t\t\t\t<ul class=\"inter5\">\r\n\t\t\t\t\t\t\t\t<li><a href=\"#busqEsp\">B\u00fascar especie<\/a><\/li>\r\n\t\t\t\t\t\t\t\t<li><a href=\"#busVisu\">Panel iconos<\/a>\r\n\t\t\t\t\t\t\t\t\t<ul class=\"inter6\">\r\n\t\t\t\t\t\t\t\t\t\t<li><a href=\"#grupo\">Buscar por grupo<\/a><\/li>\r\n\t\t\t\t\t\t\t\t\t\t<li><a href=\"#order\">Buscar por orden<\/a><\/li>\r\n\t\t\t\t\t\t\t\t\t\t<li><a href=\"#especie\">Buscar por especie<\/a><\/li>\r\n\t\t\t\t\t\t\t\t\t\t<li><a href=\"#ficha\">Ficha de especie<\/a><\/li>\r\n\t\t\t\t\t\t\t\t\t<\/ul>\r\n\t\t\t\t\t\t\t\t<\/li>\r\n\t\t\t\t\t\t\t<\/ul>\r\n\t\t\t\t\t\t<\/li>\r\n\t\t\t\t\t<\/ul>\r\n\t\t\t\t<\/li>\r\n\t\t\t<\/ul>\r\n\t\t<\/div>\r\n\t<\/div>\r\n<\/div>\r\n\t\t<\/div>\n\t\t\t\t<\/div>\n\t\t\t\t\t\t<\/div>\n\t\t\t\t\t<\/div>\n\t\t<\/div>\n\t\t\t\t\t\t\t\t<\/div>\n\t\t\t\t\t<\/div>\n\t\t<\/section>\n\t\t\t\t\t\t<\/div>\n\t\t\t\t\t<\/div>\n\t\t<\/div>\n\t\t\t\t\t\t\t\t<\/div>\n\t\t\t\t\t<\/div>\n\t\t<\/section>\n\t\t\t\t<section class=\"elementor-section elementor-top-section elementor-element elementor-element-1bd4a16 elementor-section-boxed elementor-section-height-default elementor-section-height-default\" data-id=\"1bd4a16\" data-element_type=\"section\">\n\t\t\t\t\t\t<div class=\"elementor-container elementor-column-gap-default\">\n\t\t\t\t\t\t\t<div class=\"elementor-row\">\n\t\t\t\t\t<div class=\"elementor-column elementor-col-100 elementor-top-column elementor-element elementor-element-05404c1\" data-id=\"05404c1\" data-element_type=\"column\">\n\t\t\t<div class=\"elementor-column-wrap elementor-element-populated\">\n\t\t\t\t\t\t\t<div class=\"elementor-widget-wrap\">\n\t\t\t\t\t\t<div class=\"elementor-element elementor-element-7fdf6a7 elementor-widget elementor-widget-html\" data-id=\"7fdf6a7\" data-element_type=\"widget\" data-widget_type=\"html.default\">\n\t\t\t\t<div class=\"elementor-widget-container\">\n\t\t\t<style>\r\n@import url('https:\/\/fonts.googleapis.com\/css?family=Exo+2:400,700|Oswald:400,700');\r\n.responsive {\r\n  width: 80%;\r\n  height: auto;\r\n}\r\n.imgDiv img{height:auto;margin-left:8%;}\r\n.item h2, h3, h4{color: #371e57;font-family: 'Exo 2';cursor:pointer;}\r\n.item h2{font-size:1.4em;padding-left:30px;color: #371e57;font-family: 'Exo 2';}\r\n.item h3{font-size:1.2em;font-weight:bold;}\r\n.item h4{font-size:1em;}\r\n.item{width:90%;margin:0 auto;}\r\n<!--.item img{min-height:60px;}-->\r\n.subitem{width:100%;float:left;height:auto;}\r\n.sub{margin-left:60px;}\r\n.sup{margin-left:20px;}\r\n.subsub{margin-left:75px;}\r\n.bold{font-weight:bold;color:#371e57;}\r\n.ico1{background-image:url(https:\/\/diversimar.cesga.es\/wp-content\/uploads\/2021\/11\/ico1.png);height:60px;width:60px;background-repeat:no-repeat;vertical-align:middle;}\r\n.ico2{background-image:url(https:\/\/diversimar.cesga.es\/wp-content\/uploads\/2021\/11\/ico2.png);height:60px;width:60px;background-repeat:no-repeat;vertical-align:middle;}\r\n.ico3{background-image:url(https:\/\/diversimar.cesga.es\/wp-content\/uploads\/2021\/11\/ico3.png);height:60px;width:60px;background-repeat:no-repeat;vertical-align:middle;}\r\n.ico4{background-image:url(https:\/\/diversimar.cesga.es\/wp-content\/uploads\/2021\/11\/ico4.png);height:60px;width:60px;background-repeat:no-repeat;vertical-align:middle;}\r\n.ico5{background-image:url(https:\/\/diversimar.cesga.es\/wp-content\/uploads\/2021\/11\/ico5.png);height:60px;width:60px;background-repeat:no-repeat;vertical-align:middle;}\r\n\r\n.tableImg{display:table;width:100%;text-align:center;margin-bottom:40px;}\r\n.filaImg{display:table-row;text-align:center;}\r\n.colImg{display:table-cell;width:20%;float:left;}\r\n.fichaDes{font-size:0.9em;}\r\n.txtFicha{background:orange;border-radius:100px;padding:4px;color:2f3b47;font-weight:bold;}\r\n.cirE{width:1rem;height:1rem;border-radius:50%;background:#2f3b47;justify-content: center;align-items: center;display:flex;text-align:center;margin:0px auto;padding:10px;float:left;color:#fff;font-weight:bold;font-size:1.4rem;}\r\n.cirO{width:1rem;height:1rem;border-radius:50%;background:orange;justify-content: center;align-items: center;display:flex;text-align:center;margin:0px auto;padding:10px;float:left;color:#2f3b47;font-weight:bold;font-size:1.4rem;}\r\n.po{display:inline-flex;margin-top:6px;}.pa{margin-top:6px;}\r\n.iconito{vertical-align:middle;}\r\n@media only screen and (max-width: 480px){\r\n    .sub{margin-left:0px;}\r\n    .po{display:initial;}\r\n    .responsive {\r\n  width: 100%;\r\n  height: auto;\r\n}.imgDiv img{height:auto;margin-left:2%;}\r\n}\r\n<\/style>\r\n<div class=\"item\">\r\n\t<h3 id=\"catalogo\"><i class=\"fas fa-database\"><\/i>&nbsp;Cat\u00e1logo de Especies<\/h3>\r\n\t<p>El objetivo de este trabajo es que tanto profesionales del mar, como investigadores o simplemente personas interesadas, puedan identificar las especies m\u00e1s comunes de peces, crust\u00e1ceos y cefal\u00f3podos, de una manera f\u00e1cil y visual, pero de forma correcta.<\/p>\r\n\t<p>Para ello, se muestran una serie de fichas descriptivas de las especies de mayor inter\u00e9s pesquero de nuestro litoral ordenadas sistem\u00e1ticamente.<\/p>\r\n\t<p>Las principales funcionalidades que ofrece el cat\u00e1logo de especies son:<\/p>\r\n\t<div>\r\n\t\t<ul>\r\n\t\t\t<li>B\u00fasqueda por nombre de especie<\/li>\r\n\t\t\t<li>B\u00fasqueda visual de especie<\/li>\r\n\t\t<\/ul>\r\n\t<\/div>\r\n<\/div>\r\n<div class=\"item\">\r\n\t<div class=\"subitem\">\r\n\t\t<h3 id=\"intercat\"><i class=\"fas fa-cogs\"><\/i>&nbsp;Interfaz de usuario<\/h3>\r\n\t\t<p>A continuaci\u00f3n se muestra una vista del Cat\u00e1logo, donde se distinguen las zonas principales de la aplicaci\u00f3n.<\/p>\r\n\t\t\t\t\t\t<div class=\"imgDiv\"><img loading=\"lazy\" src=\"https:\/\/diversimar.cesga.es\/wp-content\/uploads\/2021\/11\/cat_interfaz.png\" class=\"responsive\" width=\"1039\" height=\"716\"><\/div>\r\n\t\t\t\t\t\t<p><span class=\"cirE\">1<\/span>&nbsp;<span class=\"po\">B\u00fascar especie: b\u00fasqueda manual por especie.<\/span><\/p>\r\n\t\t\t\t\t\t<p><span class=\"cirE\">2<\/span>&nbsp;<span class=\"po\">Panel Iconos: b\u00fasqueda visual pinchando en cada uno de los iconos.<\/span><\/p>\r\n\t\t\t\t\t<\/div>\r\n\t\t\t\t\t<div class=\"subitem sub\">\r\n\t\t\t\t\t\t<h3 id=\"busqEsp\"><i class=\"fas fa-fish\"><\/i>&nbsp;B\u00fascar especie<\/h3>\r\n\t\t\t\t\t\t<p>Al seleccionar el icono a la izquierda del texto <span class=\"busq\">b\u00fasqueda de especie<\/span>, se nos abrir\u00e1 un selector, desde donde podremos hacer la b\u00fasqueda de una determinada especie en un listado, y que dispone de funcionalidad autocompletable.<\/p>\r\n\t\t\t\t\t\t<p>Este l\u00edstado viene ordenado por el nombre Cient\u00edfico y en aquellas especies que se disponga de nombre en Castellano, aparecer\u00e1 listado a su lado. El sistema reconocer\u00e1 indistintamente el nombre Cient\u00edfico y el Castellano.<\/p>\r\n\t\t\t\t\t\t<div class=\"imgSelect\"><\/div>\r\n\t\t\t\t\t<\/div>\r\n\t\t\t\t\t<div class=\"subitem sub\">\r\n\t\t\t\t\t\t<h3 id=\"busVisu\"><i class=\"far fa-file-image\"><\/i>&nbsp;Panel iconos<\/h3>\r\n\t\t\t\t\t\t<p>En pantalla aparecen los iconos que se corresponden con los grupos generales en los cuales se han organizado las distintas especies.<\/p>\r\n\t\t\t\t\t\t<div>\r\n\t\t\t\t\t\t\t<p class=\"sub\"><img class=\"ico1\">&nbsp;Peces \u00d3seos | Actinopterygii<\/p>\r\n\t\t\t\t\t\t\t<p class=\"sub\"><img class=\"ico2\">&nbsp;Tiburones y Rayas | Elasmobranchii<\/p>\r\n\t\t\t\t\t\t\t<p class=\"sub\"><img class=\"ico3\">&nbsp;Cefal\u00f3podos | Cephalopoda<\/p>\r\n\t\t\t\t\t\t\t<p class=\"sub\"><img class=\"ico4\">&nbsp;Crust\u00e1ceos | Crustacea<\/p>\r\n\t\t\t\t\t\t\t<p class=\"sub\"><img class=\"ico5\">&nbsp;Otros Invertebrados<\/p>\r\n\t\t\t\t\t\t<\/div>\r\n\t\t\t\t\t\t<div class=\"filtro\">\r\n\t\t\t\t\t\t\t<p id=\"grupo\"><span class=\"bold\"><i class=\"fas fa-grip-vertical\"><\/i>&nbsp;Buscar por grupo<\/span><\/p>\r\n\t\t\t\t\t\t\t<p>Pincharemos en cualquiera de los Iconos e iremos avanzando por el sistema hasta llegar a la <a href=\"#ficha\">Ficha<\/a> de la Especie que queremos visualizar.<\/p>\r\n\t\t\t\t\t\t\t<div class=\"imgOseos\"><\/div>\r\n\t\t\t\t\t\t\t<p>Pinchando en cualquiera de los iconos de los grupos de la ventana principal del cat\u00e1logo, se nos abrir\u00e1 una pantalla en la que nos encontraremos con los distintos \u00f3rdenes que componen cada grupo o clase.<\/p>\r\n\t\t\t\t\t\t<\/div>\r\n\t\t\t\t\t\t<div class=\"filtro\">\r\n\t\t\t\t\t\t\t<p id=\"order\"><span class=\"bold\"><i class=\"fab fa-first-order\"><\/i>&nbsp;Buscar por \u00f3rden<\/span><\/p>\r\n\t\t\t\t\t\t\t<p>Una vez seleccionado un grupo, pasamos a los \u00f3rdenes. A la izquierda de esta pantalla se encuentran \u00fabicados unos iconos, pinchando en el icono que representa una casa, volveremos a la pantalla principal del cat\u00e1logo. Seleccionando cualquiera de los otros iconos nos llevar\u00e1n a su respectiva clase o grupo. Tambi\u00e9n podremos navegar por el cat\u00e1logo utilizando los enlaces que se muestran encima de los iconos de la tabla principal. Una vez seleccionada una clase (grupo) se nos abrir\u00e1 la siguiente pantalla <a href=\"#especie\">Buscar por especie<\/a>.<\/p>\r\n\t\t\t\t\t\t\t<div class=\"imgDiv\"><img src=\"https:\/\/diversimar.cesga.es\/wp-content\/uploads\/2021\/11\/panta_oseo.png\" class=\"responsive\"><\/div>\r\n\t\t\t\t\t\t<\/div>\r\n\t\t\t\t\t\t<div class=\"filtro\">\r\n\t\t\t\t\t\t\t<p id=\"especie\"><span class=\"bold\"><i class=\"fas fa-fish\"><\/i>&nbsp;Buscar por especie<\/span><\/p>\r\n\t\t\t\t\t\t\t<p>Al seleccionar el \u00f3rden que queremos visualizar, el sistema nos mostrar\u00e1 las distintas especies que la conforman. Se visualizar\u00e1n una serie de im\u00e1genes que nos permitir\u00e1n identificar las especies que forman la clase.<\/p><p>En este momento es cuando podemos pinchar en la especie sobre la c\u00faal queremos ver la informaci\u00f3n y se nos abrir\u00e1 una <a href=\"#ficha\">Ficha<\/a> que contendr\u00e1 toda la informaci\u00f3n relativa a la misma y que se encuentra almacenada en la base de datos del proyecto.<\/p>\r\n\t\t\t\t\t\t\t<div class=\"imgDiv\"><img src=\"https:\/\/diversimar.cesga.es\/wp-content\/uploads\/2021\/11\/peces.png\" class=\"responsive\"><\/div>\r\n\t\t\t\t\t\t<\/div>\r\n\t\t\t\t\t\t<div class=\"filtro\">\r\n\t\t\t\t\t\t\t<p id=\"ficha\"><span class=\"bold\"><i class=\"fas fa-file-alt\"><\/i>&nbsp;Ficha de especie<\/span><\/p>\r\n\t\t\t\t\t\t\t<p>En la ficha se mostrar\u00e1 toda la informaci\u00f3n asociada a la especie. A continuaci\u00f3n se muestra una vista de la ficha, donde se distinguen las distintas zonas que la conforman.<\/p>\r\n\t\t\t\t\t\t\t<div class=\"imgDiv\"><img src=\"https:\/\/diversimar.cesga.es\/wp-content\/uploads\/2021\/11\/ficha-1.png\" class=\"responsive\"><\/div>\r\n\t\t\t\t\t\t\t<div>\r\n\t\t\t\t\t\t\t\t<p><span class=\"cirO\">1<\/span>&nbsp;<span class=\"po\">Iconos grupos:&nbsp;podremos volver a la ventana principal del cat\u00e1logo.<\/span><\/p>\r\n\t\t\t\t\t\t\t\t<p><span class=\"cirO\">2<\/span>&nbsp;<span class=\"po\">[Navegaci\u00f3n entre pantallas]:&nbsp;enlaces que nos permiten movernos por las distintas pantallas hacia atr\u00e1s.<\/span><\/p>\r\n\t\t\t\t\t\t\t\t<p><span class=\"cirO\">3<\/span>&nbsp;<span class=\"po\">Nombre Ci\u00e9ntifico | C\u00f3digo FAO&nbsp;muestra el nombre en Castellano, el cient\u00edfico y el c\u00f3digo FAO.<\/span><\/p>\r\n\t\t\t\t\t\t\t\t<p><span class=\"cirO\">4<\/span>&nbsp;<span class=\"pa\">Orden Taxon\u00f3mico | [Navegaci\u00f3n entre pantallas]&nbsp;muestra un resumen del \u00f3rden taxon\u00f3mico y permite volver a la pantalla donde encontramos las especies que forman parte de una clase.<\/span><\/p>\r\n\t\t\t\t\t\t\t\t<p><span class=\"cirO\">5<\/span>&nbsp;<span class=\"pa\">Nombres&nbsp;recoge los nombres oficiales (BOE) y comunes que adopta la especie en distintos lugares (Atl\u00e1ntico y Cant\u00e1brico).<\/span><\/p>\r\n\t\t\t\t\t\t\t\t<p><span class=\"cirO\">6<\/span>&nbsp;<span class=\"pa\">Imagen principal | im\u00e1genes complementarias.&nbsp;Se muestra la imagen principal de la especie. En caso de que la especie dispusiera de m\u00e1s im\u00e1genes, se dispondr\u00e1n en modo cat\u00e1logo para ser visualizadas seleccionandolas.<\/span><\/p>\r\n\t\t\t\t\t<p><span class=\"cirO\">7<\/span>&nbsp;<span class=\"po\">Informaci\u00f3n<\/span><\/p>\r\n\t\t\t\t\t\t\t\t<p class=\"sub\"><img src=\"https:\/\/diversimar.cesga.es\/wp-content\/uploads\/2021\/11\/descripcion.png\" class=\"iconito\" ><span class=\"fichaDes\">&nbsp;breve descripci\u00f3n de la especie.<\/span><\/p>\r\n\t\t\t\t\t\t\t\t<p class=\"sub\"><img src=\"https:\/\/diversimar.cesga.es\/wp-content\/uploads\/2021\/11\/arte.png\" class=\"iconito\"><span class=\"fichaDes\">&nbsp;descripci\u00f3n del arte de pesca con la que se captura la especie.<\/span><\/p>\r\n\t\t\t\t\t\t\t\t<p class=\"sub\"><img src=\"https:\/\/diversimar.cesga.es\/wp-content\/uploads\/2021\/11\/medida.png\" class=\"iconito\"><span class=\"fichaDes\">&nbsp;se muestra una medida media de la especie.<\/span><\/p>\r\n\t\t\t\t\t\t\t\t<p class=\"sub\"><img src=\"https:\/\/diversimar.cesga.es\/wp-content\/uploads\/2021\/11\/lugar.png\" class=\"iconito\"><span class=\"fichaDes\">&nbsp;habitat de la especie.<\/span><\/p>\r\n\t\t\t\t\t\t\t\t<p class=\"sub\"><img src=\"https:\/\/diversimar.cesga.es\/wp-content\/uploads\/2021\/11\/profundidad.png\" class=\"iconito\"><span class=\"fichaDes\">&nbsp;profundidad a la que vive la especie.<\/span><\/p>\r\n\t\t\t\t\t\t\t\t<p><span class=\"cirO\">8<\/span>&nbsp;<span class=\"pa\">Descripci\u00f3n | ICES advice:&nbsp;descripci\u00f3n m\u00e1s en detalle de la especie. <b>ICES advice:<\/b> p\u00e1gina web del ICES que proporciona asesoramiento cient\u00edfico sobre el ecosistema marino. Si existe una publicaci\u00f3n en su p\u00e1gina web sobre la especie que se ha buscado, aparecer\u00e1 el icono del enlace que nos llevar\u00e1 a ella. <\/span><\/p>\r\n\t\t\t\t\t\t\t\t<p><span class=\"cirO\">9<\/span>&nbsp;<span class=\"pa\">Abundancia: Pinchando en el bot\u00f3n, se abrir\u00e1 un mapa que mostrar\u00e1 de manera din\u00e1mica la distribuci\u00f3n para la especie seleccionada en el cat\u00e1logo. El mapa que mostrar\u00e1, ser\u00e1 el resultado de calcular la media entre todas las campa\u00f1as sobre las que existe informaci\u00f3n.<\/span><\/p>\r\n\t\t\t\t\t\t\t\t<div class=\"imgDiv\"><img src=\"https:\/\/diversimar.cesga.es\/wp-content\/uploads\/2021\/11\/abundacia_Map.png\" class=\"responsive\"><\/div>\r\n\t\t\t\t\t\t\t\t<p><span class=\"cirO\">10<\/span>&nbsp;<span class=\"po\">Descarga PDF:&nbsp;podremos descargar la ficha de la especie en formato pdf.<\/span><\/p>\r\n\t\t\t\t\t\t\t<\/div>\r\n\t\t\t\t\t\t<\/div>\r\n\t\t\t\t\t<\/div>\r\n\t\t\t\t<\/div>\t\t<\/div>\n\t\t\t\t<\/div>\n\t\t\t\t\t\t<\/div>\n\t\t\t\t\t<\/div>\n\t\t<\/div>\n\t\t\t\t\t\t\t\t<\/div>\n\t\t\t\t\t<\/div>\n\t\t<\/section>\n\t\t\t\t\t\t<\/div>\n\t\t\t\t\t\t<\/div>\n\t\t\t\t\t<\/div>\n\t\t","protected":false},"excerpt":{"rendered":"<p>CATALOGO DE ESPECIES | Manual de uso Dificultad F\u00e1cil Duraci\u00f3n 10 minuto(s) \u00c1rea GIS Sumario Cat\u00e1logo de Especies Interfaz de usuario B\u00fascar especie Panel iconos Buscar por grupo Buscar por orden Buscar por especie Ficha de especie &nbsp;Cat\u00e1logo de Especies El objetivo de este trabajo es que tanto profesionales del mar, como investigadores o simplemente [&hellip;]<\/p>\n","protected":false},"author":1,"featured_media":0,"parent":0,"menu_order":0,"comment_status":"closed","ping_status":"closed","template":"","meta":[],"_links":{"self":[{"href":"https:\/\/diversimar.cesga.es\/index.php\/wp-json\/wp\/v2\/pages\/2385"}],"collection":[{"href":"https:\/\/diversimar.cesga.es\/index.php\/wp-json\/wp\/v2\/pages"}],"about":[{"href":"https:\/\/diversimar.cesga.es\/index.php\/wp-json\/wp\/v2\/types\/page"}],"author":[{"embeddable":true,"href":"https:\/\/diversimar.cesga.es\/index.php\/wp-json\/wp\/v2\/users\/1"}],"replies":[{"embeddable":true,"href":"https:\/\/diversimar.cesga.es\/index.php\/wp-json\/wp\/v2\/comments?post=2385"}],"version-history":[{"count":226,"href":"https:\/\/diversimar.cesga.es\/index.php\/wp-json\/wp\/v2\/pages\/2385\/revisions"}],"predecessor-version":[{"id":2890,"href":"https:\/\/diversimar.cesga.es\/index.php\/wp-json\/wp\/v2\/pages\/2385\/revisions\/2890"}],"wp:attachment":[{"href":"https:\/\/diversimar.cesga.es\/index.php\/wp-json\/wp\/v2\/media?parent=2385"}],"curies":[{"name":"wp","href":"https:\/\/api.w.org\/{rel}","templated":true}]}}